{"id":264,"date":"2025-03-11T19:24:57","date_gmt":"2025-03-11T19:24:57","guid":{"rendered":"https:\/\/www.granalladosexpress.cl\/?page_id=264"},"modified":"2025-03-22T00:11:15","modified_gmt":"2025-03-22T00:11:15","slug":"inicio","status":"publish","type":"page","link":"https:\/\/www.granalladosexpress.cl\/","title":{"rendered":"Inicio"},"content":{"rendered":"\n\n\n<h1><span style=\"color: rgb(255, 255, 255);\">GRANALLADOS<\/span> <span style=\"color: rgb(216, 96, 7);\">EXPRESS<\/span><br><\/h1>\n\n\n\n\n\n\n<h1 style=\"text-align: center;\">Granallados <span style=\"color: rgb(216, 96, 7);\">Express<\/span><br><\/h1>\n<p style=\"text-align: justify;\">Somos una Empresa l\u00edder en Granallado y con un amplio conocimiento en limpieza Superficial mediante chorro abrasivo con granalla, cumpliendo con un delicado control de calidad y logrando la satisfacci\u00f3n a nuestros clientes. Algunos de nuestros servicios son Granallado en terreno o en nuestra Empresa, tenemos servicio de pintura Industrial, como revestimientos ep\u00f3xicos, alqu\u00eddico, poliuretanos.\n\nTodos nuestros trabajos son realizado seg\u00fan Norma Chilena o extranjera, cumpliendo con los altos controles, como  mediciones de Control de Calidad y realizando los procedimientos de trabajo para Granallado o imprimaci\u00f3n de pinturas con sus respectivos controles de par\u00e1metros como humedad, temperatura de sustrato, temperatura ambiental, punto roc\u00edo como otros.\n\n\n<p style=\"color:#707070;\"><p style=\"text-align: justify;\">Proporcionar un servicio de calidad con responsabilidad y cumplimiento en fechas de entrega a  los clientes a trav\u00e9s de un equipo de trabajo profesional, comprometido con la productividad y la calidad.<\/p>\n\n\n<p style=\"color:#707070;\"><p style=\"text-align: justify;\">Posicionarse como empresa de granallado y pintura industrial l\u00edder en el mercado de la miner\u00eda y las maestranzas.<br><br><br>\n\n<\/p>\n\n\n\n\n\n\n\nServicios\n\n\n<p><p style=\"text-align: justify;\">El granallado es una t\u00e9cnica de tratamiento de limpieza superficial por impacto con el cual se puede lograr un acabado superficial y simult\u00e1neamente una correcta terminaci\u00f3n superficial.\n<br>\nConsiste en la proyecci\u00f3n de part\u00edculas abrasivas (granalla) a gran velocidad (65 &#8211; 110 m\/s) que, al impactar con la pieza tratada, produce la eliminaci\u00f3n de los contaminantes de la superficie.Turpis egestes maecenas pharetra convallis posuere morbi leo urna molestie at<\/p>\n<p><p style=\"text-align: justify;\">Granallados Express se dedica al desarrollo, fabricaci\u00f3n y comercializaci\u00f3n de barnices, pinturas y revestimientos para la protecci\u00f3n y terminaci\u00f3n de todo tipo de superficies.\n\nDentro de los objetivos de la empresa se encuentra el desarrollo y estudio permanente de soluciones adecuadas a las necesidades del mercado. Tambi\u00e9n el mejoramiento continuo de nuestros procesos de producci\u00f3n y servicios a nuestros clientes.<\/p>\n<p><p style=\"text-align: justify;\">Se denomina barniz el producto constituido solamente por ligantes (resinas o aceites) y disolventes, mientras que la pintura consta de ligantes, pigmentos y disolventes. El t\u00e9rmino esmaltes se puede aplicar a las pinturas de acabado (es decir, la \u00faltima capa o estrato visible), que poseen una pigmentaci\u00f3n fina y un color determinado, al objeto de conferir un aspecto decorativo, de se\u00f1alizaci\u00f3n, ete. (se tiende a que la pigmentaci\u00f3n sea lo m\u00e1s fina posible, al objeto de dotar al acabado de un aspecto liso y brillante). Por tanto, las consideraciones siguientes, sobre ligantes y disolventes, se aplican a los barnices; pero conviene recordar que para que un barniz se convierta en pintura s\u00f3lo es necesario a\u00f1adirle un pigmento.<\/p>\n<p><p style=\"text-align: justify;\">En las construcciones industriales la econom\u00eda, la versatilidad y la seguridad tienen la misma importancia desde el comienzo de cada proyecto, tanto en sistema constructivo, materiales de construcci\u00f3n y empresa de montaje.\n\nNuestra compa\u00f1\u00eda ofrece al mercado la mejor alternativa de soluci\u00f3n en montajes de revestimientos y cubiertas, entregando alta calidad de terminaciones, rapidez de construcci\u00f3n y \u00f3ptimo costo. Las debilidades de nuestros competidores ser\u00e1n fortalezas potenciales para nuestros clientes. <\/p>\n<p><p style=\"text-align: justify;\"> Queremos destacarnos por tener un equipo de t\u00e9cnicos y profesionales con una mano de obra altamente calificada abocada al dise\u00f1o, fabricaci\u00f3n  y montaje de estructuras met\u00e1licas y obras civiles siendo nuestra especialidad los galpones met\u00e1licos en todas sus medidas y tipos existentes.\n\nTambi\u00e9n destacarnos por ser una ayuda y una soluci\u00f3n a todos los problemas que aquejen a nuestros clientes al momento de dise\u00f1ar, construir e instalar cualquier estructura met\u00e1lica u obra civil que ellos requieran.\n\nPretendemos convertirnos en la primera empresa l\u00edder en construcciones met\u00e1licas y obras civiles entregando calidad en todo lo que hacemos y ayudando al mejoramiento globalizado a trav\u00e9s de la construcci\u00f3n de  progreso y  hermoseamiento  de cada latitud en la cual tengamos que desempe\u00f1arnos como compa\u00f1\u00eda.<\/p>\n<p><p style=\"text-align: justify;\">Somos profesionales en la fabricaci\u00f3n y reparaci\u00f3n de remolques y maquinaria agr\u00edcola. Les presentamos una concepci\u00f3n adaptada a la agricultura.\n\nOfrecemos una gama completa de remolques agr\u00edcolas de 10 Tm. a 26 Tm. Sofisticaci\u00f3n, solidez y robustez definen nuestros equipos, todos ellos con una calidad contrastada.\n\nConsulte nuestro cat\u00e1logo completo, solic\u00edtenos informaci\u00f3n o vis\u00edtenos personalmente en nuestras instalaciones. F\u00e1brica, exposici\u00f3n y venta con una atenci\u00f3n personalizada y sin ning\u00fan tipo de compromiso. <\/p>\n<p><\/p><p style=\"text-align: justify;\"><br><\/p>\n\n\n\n\n\n\n\n<h1 style=\"text-align: center;\"><span style=\"color: rgb(216, 96, 7);\">Proyectos<\/span><br><\/h1>\n\n\n\n\n\n\n\n\n\n\n\n<h1 style=\"text-align: center;\"><span style=\"color: rgb(216, 96, 7);\">Cont\u00e1ctenos<\/span><br><\/h1>\n\n\n\n\n\n\n\n\nRegi\u00f3n Metropolitana\n\n\n","protected":false},"excerpt":{"rendered":"","protected":false},"author":1,"featured_media":0,"parent":0,"menu_order":0,"comment_status":"closed","ping_status":"closed","template":"","meta":{"pagelayer_contact_templates":[],"_pagelayer_content":"","_joinchat":[],"footnotes":""},"class_list":["post-264","page","type-page","status-publish","hentry"],"_links":{"self":[{"href":"https:\/\/www.granalladosexpress.cl\/index.php?rest_route=\/wp\/v2\/pages\/264"}],"collection":[{"href":"https:\/\/www.granalladosexpress.cl\/index.php?rest_route=\/wp\/v2\/pages"}],"about":[{"href":"https:\/\/www.granalladosexpress.cl\/index.php?rest_route=\/wp\/v2\/types\/page"}],"author":[{"embeddable":true,"href":"https:\/\/www.granalladosexpress.cl\/index.php?rest_route=\/wp\/v2\/users\/1"}],"replies":[{"embeddable":true,"href":"https:\/\/www.granalladosexpress.cl\/index.php?rest_route=%2Fwp%2Fv2%2Fcomments&post=264"}],"version-history":[{"count":36,"href":"https:\/\/www.granalladosexpress.cl\/index.php?rest_route=\/wp\/v2\/pages\/264\/revisions"}],"predecessor-version":[{"id":378,"href":"https:\/\/www.granalladosexpress.cl\/index.php?rest_route=\/wp\/v2\/pages\/264\/revisions\/378"}],"wp:attachment":[{"href":"https:\/\/www.granalladosexpress.cl\/index.php?rest_route=%2Fwp%2Fv2%2Fmedia&parent=264"}],"curies":[{"name":"wp","href":"https:\/\/api.w.org\/{rel}","templated":true}]}}